{"id":1572,"date":"2023-04-19T02:43:15","date_gmt":"2023-04-19T02:43:15","guid":{"rendered":"https:\/\/fedemoto.org\/inicio\/?page_id=1572"},"modified":"2023-04-19T02:43:15","modified_gmt":"2023-04-19T02:43:15","slug":"fedemoto-colombia","status":"publish","type":"page","link":"https:\/\/fedemoto.org\/inicio\/fedemoto-colombia\/","title":{"rendered":"Fedemoto Colombia"},"content":{"rendered":"\n<p>Somos una entidad deportiva sin \u00e1nimo de lucro pertenecientes al r\u00e9gimen especial del Sistema Nacional del Deporte, tenemos la tarea de determinar los par\u00e1metros para el manejo t\u00e9cnico y administrativo del motociclismo deportivo en el territorio nacional.<\/p>\n\n\n\n<p>Actualmente nuestra entidad se compone de 16 ligas cubriendo gran parte del territorio nacional en los departamentos de Antioquia, Bogot\u00e1, Caldas, Cauca, Cesar, Cundinamarca, Quind\u00edo, Risaralda, Huila, Meta, Nari\u00f1o, Santander, Putumayo, Tolima, Valle y Norte de Santander.<\/p>\n","protected":false},"excerpt":{"rendered":"<p>Somos una entidad deportiva sin \u00e1nimo de lucro pertenecientes al r\u00e9gimen especial del Sistema Nacional del Deporte, tenemos la tarea de determinar los par\u00e1metros para el manejo t\u00e9cnico y administrativo&hellip; <\/p>\n<p class=\"link-more\"><a href=\"https:\/\/fedemoto.org\/inicio\/fedemoto-colombia\/\" class=\"more-link\">Read More <span class=\"screen-reader-text\"> \u00abFedemoto Colombia\u00bb<\/span><\/a><\/p>\n","protected":false},"author":2,"featured_media":1573,"parent":0,"menu_order":0,"comment_status":"closed","ping_status":"closed","template":"","meta":{"_price":"","_stock":"","_tribe_ticket_header":"","_tribe_default_ticket_provider":"","_tribe_ticket_capacity":"0","_ticket_start_date":"","_ticket_end_date":"","_tribe_ticket_show_description":"","_tribe_ticket_show_not_going":false,"_tribe_ticket_use_global_stock":"","_tribe_ticket_global_stock_level":"","_global_stock_mode":"","_global_stock_cap":"","_tribe_rsvp_for_event":"","_tribe_ticket_going_count":"","_tribe_ticket_not_going_count":"","_tribe_tickets_list":"[]","_tribe_ticket_has_attendee_info_fields":false,"_joinchat":[],"footnotes":"","_tec_slr_enabled":"","_tec_slr_layout":""},"class_list":["post-1572","page","type-page","status-publish","has-post-thumbnail","hentry"],"ticketed":false,"_links":{"self":[{"href":"https:\/\/fedemoto.org\/inicio\/wp-json\/wp\/v2\/pages\/1572","targetHints":{"allow":["GET"]}}],"collection":[{"href":"https:\/\/fedemoto.org\/inicio\/wp-json\/wp\/v2\/pages"}],"about":[{"href":"https:\/\/fedemoto.org\/inicio\/wp-json\/wp\/v2\/types\/page"}],"author":[{"embeddable":true,"href":"https:\/\/fedemoto.org\/inicio\/wp-json\/wp\/v2\/users\/2"}],"replies":[{"embeddable":true,"href":"https:\/\/fedemoto.org\/inicio\/wp-json\/wp\/v2\/comments?post=1572"}],"version-history":[{"count":1,"href":"https:\/\/fedemoto.org\/inicio\/wp-json\/wp\/v2\/pages\/1572\/revisions"}],"predecessor-version":[{"id":1574,"href":"https:\/\/fedemoto.org\/inicio\/wp-json\/wp\/v2\/pages\/1572\/revisions\/1574"}],"wp:featuredmedia":[{"embeddable":true,"href":"https:\/\/fedemoto.org\/inicio\/wp-json\/wp\/v2\/media\/1573"}],"wp:attachment":[{"href":"https:\/\/fedemoto.org\/inicio\/wp-json\/wp\/v2\/media?parent=1572"}],"curies":[{"name":"wp","href":"https:\/\/api.w.org\/{rel}","templated":true}]}}