{"id":8877,"date":"2025-09-12T15:36:12","date_gmt":"2025-09-12T15:36:12","guid":{"rendered":"https:\/\/fedemoto.org\/inicio\/?post_type=product&#038;p=8877"},"modified":"2026-02-01T23:55:14","modified_gmt":"2026-02-01T23:55:14","slug":"inscripciones-segunda-valida-gp-colombia-2025-gran-premio-bmw","status":"publish","type":"product","link":"https:\/\/fedemoto.org\/inicio\/producto\/inscripciones-segunda-valida-gp-colombia-2025-gran-premio-bmw\/","title":{"rendered":"Inscripciones Segunda V\u00e1lida GP Colombia 2025 &#8211; Gran Premio BMW"},"content":{"rendered":"","protected":false},"excerpt":{"rendered":"<p>La temporada 2025 del GP Colombia de Motovelocidad llega su segunda fecha del a\u00f1o con el Gran Premio BMW, un evento que tendr\u00e1 como sede el Aut\u00f3dromo de Tocancip\u00e1 y que reunir\u00e1 a los mejores pilotos del pa\u00eds.<\/p>\n<p><strong>Tenga en cuenta que para formalizar su inscripci\u00f3n debe haber tramitado previamente una afiliaci\u00f3n a un club deportivo y ser aprobado por la liga de motociclismo de su departamento.<\/strong><\/p>\n<ul>\n<li>Fecha: Septiembre 27 y 28 de 2025<\/li>\n<li>Circuito: Sentido anti-horario pista completa<\/li>\n<li>Inscripci\u00f3nes ordinarias hasta el martes 23 de Septiembre y Extraordinarias hasta el jueves 25 de Septiembre a la media noche<\/li>\n<\/ul>\n","protected":false},"featured_media":8874,"comment_status":"open","ping_status":"closed","template":"","meta":{"_price":"144000","_stock":"","_tribe_ticket_header":"","_tribe_default_ticket_provider":"","_tribe_ticket_capacity":"216","_ticket_start_date":"","_ticket_end_date":"","_tribe_ticket_show_description":"","_tribe_ticket_show_not_going":false,"_tribe_ticket_use_global_stock":"","_tribe_ticket_global_stock_level":"","_global_stock_mode":"","_global_stock_cap":"","_tribe_rsvp_for_event":"","_tribe_ticket_going_count":"","_tribe_ticket_not_going_count":"","_tribe_tickets_list":"[]","_tribe_ticket_has_attendee_info_fields":false,"_joinchat":[]},"product_cat":[56],"product_tag":[],"class_list":{"0":"post-8877","1":"product","2":"type-product","3":"status-publish","4":"has-post-thumbnail","6":"product_cat-inscripciones-gp","8":"first","9":"outofstock","10":"shipping-taxable","11":"purchasable","12":"product-type-variable"},"_links":{"self":[{"href":"https:\/\/fedemoto.org\/inicio\/wp-json\/wp\/v2\/product\/8877","targetHints":{"allow":["GET"]}}],"collection":[{"href":"https:\/\/fedemoto.org\/inicio\/wp-json\/wp\/v2\/product"}],"about":[{"href":"https:\/\/fedemoto.org\/inicio\/wp-json\/wp\/v2\/types\/product"}],"replies":[{"embeddable":true,"href":"https:\/\/fedemoto.org\/inicio\/wp-json\/wp\/v2\/comments?post=8877"}],"version-history":[{"count":1,"href":"https:\/\/fedemoto.org\/inicio\/wp-json\/wp\/v2\/product\/8877\/revisions"}],"predecessor-version":[{"id":8905,"href":"https:\/\/fedemoto.org\/inicio\/wp-json\/wp\/v2\/product\/8877\/revisions\/8905"}],"wp:featuredmedia":[{"embeddable":true,"href":"https:\/\/fedemoto.org\/inicio\/wp-json\/wp\/v2\/media\/8874"}],"wp:attachment":[{"href":"https:\/\/fedemoto.org\/inicio\/wp-json\/wp\/v2\/media?parent=8877"}],"wp:term":[{"taxonomy":"product_cat","embeddable":true,"href":"https:\/\/fedemoto.org\/inicio\/wp-json\/wp\/v2\/product_cat?post=8877"},{"taxonomy":"product_tag","embeddable":true,"href":"https:\/\/fedemoto.org\/inicio\/wp-json\/wp\/v2\/product_tag?post=8877"}],"curies":[{"name":"wp","href":"https:\/\/api.w.org\/{rel}","templated":true}]}}